{"id":315,"date":"2024-10-14T02:58:37","date_gmt":"2024-10-14T00:58:37","guid":{"rendered":"https:\/\/mordudecinema.fr\/?page_id=315"},"modified":"2025-08-22T06:28:04","modified_gmt":"2025-08-22T04:28:04","slug":"mentions-legales","status":"publish","type":"page","link":"https:\/\/mordudecinema.fr\/index.php\/mentions-legales\/","title":{"rendered":"Mentions L\u00e9gales"},"content":{"rendered":"\n<h2 class=\"wp-block-heading\"><strong>\u00c9diteur du Site<\/strong><\/h2>\n\n\n\n<p class=\"has-foreground-color has-text-color has-link-color wp-elements-a9878415a1ed410c6a81d71a78645f40\">Le site Mordu de Cin\u00e9ma est un blog personnel \u00e9dit\u00e9 par Driss :<\/p>\n\n\n\n<ul class=\"wp-block-list\">\n<li><strong>Contact<\/strong> : contact@mordudecinema.fr<\/li>\n<\/ul>\n\n\n\n<h4 class=\"wp-block-heading\"><strong>H\u00e9bergement du Site<\/strong><\/h4>\n\n\n\n<p class=\"has-foreground-color has-text-color has-link-color wp-elements-a7a24c80453a2ab3559f20284e899613\">Le site est h\u00e9berg\u00e9 par OVH : <\/p>\n\n\n\n<ul class=\"wp-block-list\">\n<li><strong>Adresse<\/strong> : <strong>2, rue Kellermann, 59100 Roubaix<\/strong><\/li>\n\n\n\n<li><strong>T\u00e9l\u00e9phone<\/strong> : +33 9&nbsp;<em>72 10 10 07<\/em><\/li>\n\n\n\n<li><strong>Site Web<\/strong> : <a href=\"https:\/\/www.ovhcloud.com\/fr\/\">https:\/\/www.ovhcloud.com\/fr\/<\/a><\/li>\n<\/ul>\n\n\n\n<h4 class=\"wp-block-heading\"><strong>Propri\u00e9t\u00e9 Intellectuelle<\/strong><\/h4>\n\n\n\n<p class=\"has-foreground-color has-text-color has-link-color wp-elements-c60e0db5da10977c24fa66f835787354\">Les contenus (textes, images, vid\u00e9os, etc.) publi\u00e9s sur ce blog sont prot\u00e9g\u00e9s par le droit d&rsquo;auteur. Toute reproduction, diffusion, modification, ou exploitation des contenus sans l&rsquo;autorisation pr\u00e9alable de l&rsquo;\u00e9diteur est interdite, sauf mention contraire.<br>Pour toute demande de r\u00e9utilisation, merci de me contacter \u00e0 contact@mordudecinema.fr.<\/p>\n\n\n\n<h4 class=\"wp-block-heading\"><strong>Responsabilit\u00e9<\/strong><\/h4>\n\n\n\n<p class=\"has-foreground-color has-text-color has-link-color wp-elements-64e2f757f4a6f30c1cbb150ee8161d86\">Je m&rsquo;efforce de fournir des informations aussi pr\u00e9cises que possible sur ce blog. Toutefois, je ne peux \u00eatre tenu responsable des omissions, inexactitudes ou carences dans la mise \u00e0 jour des informations, qu&rsquo;elles soient de mon fait ou du fait de tiers fournissant ces informations.<br>L&rsquo;utilisation des informations et contenus disponibles sur le blog Mordu de Cin\u00e9ma se fait sous la seule responsabilit\u00e9 de l&rsquo;utilisateur. Je ne saurais \u00eatre tenu responsable des dommages, directs ou indirects, de quelque nature que ce soit, r\u00e9sultant de l&rsquo;acc\u00e8s ou de l&rsquo;utilisation de ce blog.<\/p>\n\n\n\n<h4 class=\"wp-block-heading\"><strong>Liens Hypertextes<\/strong><\/h4>\n\n\n\n<p class=\"has-foreground-color has-text-color has-link-color wp-elements-0731954e159ae25ddf02f7ba46f2bb3f\">Le blog peut contenir des liens hypertextes vers d&rsquo;autres sites. Cependant, je ne contr\u00f4le pas le contenu de ces sites et d\u00e9cline toute responsabilit\u00e9 quant aux informations qui y sont pr\u00e9sent\u00e9es ou aux dommages pouvant r\u00e9sulter de leur consultation.<\/p>\n\n\n\n<h4 class=\"wp-block-heading\"><strong>Donn\u00e9es Personnelles<\/strong><\/h4>\n\n\n\n<p class=\"has-foreground-color has-text-color has-link-color wp-elements-44c997d0de7b0365fe84c3f819d94f52\">Je ne collecte pas de donn\u00e9es personnelles sans votre consentement explicite. Si vous me contactez par email, les informations que vous me fournissez (par exemple votre nom et votre adresse email) seront utilis\u00e9es uniquement pour r\u00e9pondre \u00e0 votre demande. Aucune donn\u00e9e ne sera partag\u00e9e avec des tiers sans votre accord pr\u00e9alable.<\/p>\n\n\n\n<h4 class=\"wp-block-heading\"><strong>Cookies<\/strong><\/h4>\n\n\n\n<p class=\"has-foreground-color has-text-color has-link-color wp-elements-ac1c58d6466110284a5b71c983d13e2f\">Le site <strong>Mordu de cin\u00e9ma<\/strong> peut utiliser des cookies pour am\u00e9liorer l&rsquo;exp\u00e9rience utilisateur, notamment \u00e0 des fins statistiques ou pour faciliter la navigation. Vous pouvez refuser l&rsquo;utilisation de ces cookies en modifiant les param\u00e8tres de votre navigateur. A noter que j&rsquo;utilise Google Analytics et Google Search Console, pour en savoir plus, rendez-vous sur la page <a href=\"https:\/\/mordudecinema.fr\/index.php\/politique-de-confidentialite\/\">Politique de Confidentialit\u00e9<\/a>.<\/p>\n\n\n\n<h4 class=\"wp-block-heading\"><strong>Droit applicable<\/strong><\/h4>\n\n\n\n<p class=\"has-foreground-color has-text-color has-link-color wp-elements-be48e9d47b0c5004800b0a3d56fb77d9\">Tout litige en relation avec l\u2019utilisation du site est soumis au droit fran\u00e7ais. En cas de d\u00e9saccord, les tribunaux fran\u00e7ais seront seuls comp\u00e9tents.<\/p>\n","protected":false},"excerpt":{"rendered":"<p>\u00c9diteur du Site Le site Mordu de Cin\u00e9ma est un blog personnel \u00e9dit\u00e9 par Driss : H\u00e9bergement du Site Le site est h\u00e9berg\u00e9 par OVH : Propri\u00e9t\u00e9 Intellectuelle Les contenus (textes, images, vid\u00e9os, etc.) publi\u00e9s sur ce blog sont prot\u00e9g\u00e9s par le droit d&rsquo;auteur. Toute reproduction, diffusion, modification, ou exploitation des contenus sans l&rsquo;autorisation pr\u00e9alable [&hellip;]<\/p>\n","protected":false},"author":1,"featured_media":0,"parent":0,"menu_order":0,"comment_status":"closed","ping_status":"closed","template":"","meta":{"sfsi_plus_gutenberg_text_before_share":"","sfsi_plus_gutenberg_show_text_before_share":"","sfsi_plus_gutenberg_icon_type":"","sfsi_plus_gutenberg_icon_alignemt":"","sfsi_plus_gutenburg_max_per_row":"","footnotes":""},"class_list":["post-315","page","type-page","status-publish","hentry"],"yoast_head":"<!-- This site is optimized with the Yoast SEO plugin v27.4 - https:\/\/yoast.com\/product\/yoast-seo-wordpress\/ -->\n<title>Mentions L\u00e9gales - Un Mordu de Cin\u00e9ma<\/title>\n<meta name=\"description\" content=\"Mentions l\u00e9gales du site mordudecinema.fr : \u00e9diteur, h\u00e9bergement, donn\u00e9es, cookies, liens, propri\u00e9t\u00e9 intellectuelle...\" \/>\n<meta name=\"robots\" content=\"index, follow, max-snippet:-1, max-image-preview:large, max-video-preview:-1\" \/>\n<link rel=\"canonical\" href=\"https:\/\/mordudecinema.fr\/index.php\/mentions-legales\/\" \/>\n<meta property=\"og:locale\" content=\"fr_FR\" \/>\n<meta property=\"og:type\" content=\"article\" \/>\n<meta property=\"og:title\" content=\"Mentions L\u00e9gales - Un Mordu de Cin\u00e9ma\" \/>\n<meta property=\"og:description\" content=\"Mentions l\u00e9gales du site mordudecinema.fr : \u00e9diteur, h\u00e9bergement, donn\u00e9es, cookies, liens, propri\u00e9t\u00e9 intellectuelle...\" \/>\n<meta property=\"og:url\" content=\"https:\/\/mordudecinema.fr\/index.php\/mentions-legales\/\" \/>\n<meta property=\"og:site_name\" content=\"Un Mordu de Cin\u00e9ma\" \/>\n<meta property=\"article:modified_time\" content=\"2025-08-22T04:28:04+00:00\" \/>\n<meta name=\"twitter:card\" content=\"summary_large_image\" \/>\n<meta name=\"twitter:label1\" content=\"Dur\u00e9e de lecture estim\u00e9e\" \/>\n\t<meta name=\"twitter:data1\" content=\"2 minutes\" \/>\n<script type=\"application\/ld+json\" class=\"yoast-schema-graph\">{\"@context\":\"https:\\\/\\\/schema.org\",\"@graph\":[{\"@type\":\"WebPage\",\"@id\":\"https:\\\/\\\/mordudecinema.fr\\\/index.php\\\/mentions-legales\\\/\",\"url\":\"https:\\\/\\\/mordudecinema.fr\\\/index.php\\\/mentions-legales\\\/\",\"name\":\"Mentions L\u00e9gales - Un Mordu de Cin\u00e9ma\",\"isPartOf\":{\"@id\":\"https:\\\/\\\/mordudecinema.fr\\\/#website\"},\"datePublished\":\"2024-10-14T00:58:37+00:00\",\"dateModified\":\"2025-08-22T04:28:04+00:00\",\"description\":\"Mentions l\u00e9gales du site mordudecinema.fr : \u00e9diteur, h\u00e9bergement, donn\u00e9es, cookies, liens, propri\u00e9t\u00e9 intellectuelle...\",\"breadcrumb\":{\"@id\":\"https:\\\/\\\/mordudecinema.fr\\\/index.php\\\/mentions-legales\\\/#breadcrumb\"},\"inLanguage\":\"fr-FR\",\"potentialAction\":[{\"@type\":\"ReadAction\",\"target\":[\"https:\\\/\\\/mordudecinema.fr\\\/index.php\\\/mentions-legales\\\/\"]}]},{\"@type\":\"BreadcrumbList\",\"@id\":\"https:\\\/\\\/mordudecinema.fr\\\/index.php\\\/mentions-legales\\\/#breadcrumb\",\"itemListElement\":[{\"@type\":\"ListItem\",\"position\":1,\"name\":\"Accueil\",\"item\":\"https:\\\/\\\/mordudecinema.fr\\\/\"},{\"@type\":\"ListItem\",\"position\":2,\"name\":\"Mentions L\u00e9gales\"}]},{\"@type\":\"WebSite\",\"@id\":\"https:\\\/\\\/mordudecinema.fr\\\/#website\",\"url\":\"https:\\\/\\\/mordudecinema.fr\\\/\",\"name\":\"Un Mordu de Cin\u00e9ma\",\"description\":\"Critiques de films et s\u00e9ries\",\"publisher\":{\"@id\":\"https:\\\/\\\/mordudecinema.fr\\\/#\\\/schema\\\/person\\\/898bc34ddfc06d1db052173cfe769f2c\"},\"potentialAction\":[{\"@type\":\"SearchAction\",\"target\":{\"@type\":\"EntryPoint\",\"urlTemplate\":\"https:\\\/\\\/mordudecinema.fr\\\/?s={search_term_string}\"},\"query-input\":{\"@type\":\"PropertyValueSpecification\",\"valueRequired\":true,\"valueName\":\"search_term_string\"}}],\"inLanguage\":\"fr-FR\"},{\"@type\":[\"Person\",\"Organization\"],\"@id\":\"https:\\\/\\\/mordudecinema.fr\\\/#\\\/schema\\\/person\\\/898bc34ddfc06d1db052173cfe769f2c\",\"name\":\"MovieBuff (Driss)\",\"image\":{\"@type\":\"ImageObject\",\"inLanguage\":\"fr-FR\",\"@id\":\"https:\\\/\\\/mordudecinema.fr\\\/wp-content\\\/uploads\\\/2024\\\/09\\\/Moviebuff.png\",\"url\":\"https:\\\/\\\/mordudecinema.fr\\\/wp-content\\\/uploads\\\/2024\\\/09\\\/Moviebuff.png\",\"contentUrl\":\"https:\\\/\\\/mordudecinema.fr\\\/wp-content\\\/uploads\\\/2024\\\/09\\\/Moviebuff.png\",\"width\":500,\"height\":500,\"caption\":\"MovieBuff (Driss)\"},\"logo\":{\"@id\":\"https:\\\/\\\/mordudecinema.fr\\\/wp-content\\\/uploads\\\/2024\\\/09\\\/Moviebuff.png\"},\"sameAs\":[\"http:\\\/\\\/mordudecinema.fr\"]}]}<\/script>\n<!-- \/ Yoast SEO plugin. -->","yoast_head_json":{"title":"Mentions L\u00e9gales - Un Mordu de Cin\u00e9ma","description":"Mentions l\u00e9gales du site mordudecinema.fr : \u00e9diteur, h\u00e9bergement, donn\u00e9es, cookies, liens, propri\u00e9t\u00e9 intellectuelle...","robots":{"index":"index","follow":"follow","max-snippet":"max-snippet:-1","max-image-preview":"max-image-preview:large","max-video-preview":"max-video-preview:-1"},"canonical":"https:\/\/mordudecinema.fr\/index.php\/mentions-legales\/","og_locale":"fr_FR","og_type":"article","og_title":"Mentions L\u00e9gales - Un Mordu de Cin\u00e9ma","og_description":"Mentions l\u00e9gales du site mordudecinema.fr : \u00e9diteur, h\u00e9bergement, donn\u00e9es, cookies, liens, propri\u00e9t\u00e9 intellectuelle...","og_url":"https:\/\/mordudecinema.fr\/index.php\/mentions-legales\/","og_site_name":"Un Mordu de Cin\u00e9ma","article_modified_time":"2025-08-22T04:28:04+00:00","twitter_card":"summary_large_image","twitter_misc":{"Dur\u00e9e de lecture estim\u00e9e":"2 minutes"},"schema":{"@context":"https:\/\/schema.org","@graph":[{"@type":"WebPage","@id":"https:\/\/mordudecinema.fr\/index.php\/mentions-legales\/","url":"https:\/\/mordudecinema.fr\/index.php\/mentions-legales\/","name":"Mentions L\u00e9gales - Un Mordu de Cin\u00e9ma","isPartOf":{"@id":"https:\/\/mordudecinema.fr\/#website"},"datePublished":"2024-10-14T00:58:37+00:00","dateModified":"2025-08-22T04:28:04+00:00","description":"Mentions l\u00e9gales du site mordudecinema.fr : \u00e9diteur, h\u00e9bergement, donn\u00e9es, cookies, liens, propri\u00e9t\u00e9 intellectuelle...","breadcrumb":{"@id":"https:\/\/mordudecinema.fr\/index.php\/mentions-legales\/#breadcrumb"},"inLanguage":"fr-FR","potentialAction":[{"@type":"ReadAction","target":["https:\/\/mordudecinema.fr\/index.php\/mentions-legales\/"]}]},{"@type":"BreadcrumbList","@id":"https:\/\/mordudecinema.fr\/index.php\/mentions-legales\/#breadcrumb","itemListElement":[{"@type":"ListItem","position":1,"name":"Accueil","item":"https:\/\/mordudecinema.fr\/"},{"@type":"ListItem","position":2,"name":"Mentions L\u00e9gales"}]},{"@type":"WebSite","@id":"https:\/\/mordudecinema.fr\/#website","url":"https:\/\/mordudecinema.fr\/","name":"Un Mordu de Cin\u00e9ma","description":"Critiques de films et s\u00e9ries","publisher":{"@id":"https:\/\/mordudecinema.fr\/#\/schema\/person\/898bc34ddfc06d1db052173cfe769f2c"},"potentialAction":[{"@type":"SearchAction","target":{"@type":"EntryPoint","urlTemplate":"https:\/\/mordudecinema.fr\/?s={search_term_string}"},"query-input":{"@type":"PropertyValueSpecification","valueRequired":true,"valueName":"search_term_string"}}],"inLanguage":"fr-FR"},{"@type":["Person","Organization"],"@id":"https:\/\/mordudecinema.fr\/#\/schema\/person\/898bc34ddfc06d1db052173cfe769f2c","name":"MovieBuff (Driss)","image":{"@type":"ImageObject","inLanguage":"fr-FR","@id":"https:\/\/mordudecinema.fr\/wp-content\/uploads\/2024\/09\/Moviebuff.png","url":"https:\/\/mordudecinema.fr\/wp-content\/uploads\/2024\/09\/Moviebuff.png","contentUrl":"https:\/\/mordudecinema.fr\/wp-content\/uploads\/2024\/09\/Moviebuff.png","width":500,"height":500,"caption":"MovieBuff (Driss)"},"logo":{"@id":"https:\/\/mordudecinema.fr\/wp-content\/uploads\/2024\/09\/Moviebuff.png"},"sameAs":["http:\/\/mordudecinema.fr"]}]}},"_links":{"self":[{"href":"https:\/\/mordudecinema.fr\/index.php\/wp-json\/wp\/v2\/pages\/315","targetHints":{"allow":["GET"]}}],"collection":[{"href":"https:\/\/mordudecinema.fr\/index.php\/wp-json\/wp\/v2\/pages"}],"about":[{"href":"https:\/\/mordudecinema.fr\/index.php\/wp-json\/wp\/v2\/types\/page"}],"author":[{"embeddable":true,"href":"https:\/\/mordudecinema.fr\/index.php\/wp-json\/wp\/v2\/users\/1"}],"replies":[{"embeddable":true,"href":"https:\/\/mordudecinema.fr\/index.php\/wp-json\/wp\/v2\/comments?post=315"}],"version-history":[{"count":2,"href":"https:\/\/mordudecinema.fr\/index.php\/wp-json\/wp\/v2\/pages\/315\/revisions"}],"predecessor-version":[{"id":318,"href":"https:\/\/mordudecinema.fr\/index.php\/wp-json\/wp\/v2\/pages\/315\/revisions\/318"}],"wp:attachment":[{"href":"https:\/\/mordudecinema.fr\/index.php\/wp-json\/wp\/v2\/media?parent=315"}],"curies":[{"name":"wp","href":"https:\/\/api.w.org\/{rel}","templated":true}]}}