{"id":9,"date":"2024-09-28T19:46:48","date_gmt":"2024-09-28T17:46:48","guid":{"rendered":"http:\/\/mordudecinema.fr\/?page_id=9"},"modified":"2025-08-22T06:25:12","modified_gmt":"2025-08-22T04:25:12","slug":"a-propos-moi","status":"publish","type":"page","link":"https:\/\/mordudecinema.fr\/index.php\/a-propos-moi\/","title":{"rendered":"\u00c0 propos"},"content":{"rendered":"\n<div style=\"height:28px\" aria-hidden=\"true\" class=\"wp-block-spacer\"><\/div>\n\n\n\n<div class=\"wp-block-group alignwide is-layout-constrained wp-block-group-is-layout-constrained\">\n<figure class=\"wp-block-image aligncenter size-full is-resized\"><img loading=\"lazy\" decoding=\"async\" width=\"1080\" height=\"669\" src=\"https:\/\/mordudecinema.fr\/wp-content\/uploads\/2024\/10\/Design-sans-titre-1-e1728175099182.png\" alt=\"\" class=\"wp-image-231\" style=\"width:337px;height:auto\" srcset=\"https:\/\/mordudecinema.fr\/wp-content\/uploads\/2024\/10\/Design-sans-titre-1-e1728175099182.png 1080w, https:\/\/mordudecinema.fr\/wp-content\/uploads\/2024\/10\/Design-sans-titre-1-e1728175099182-300x186.png 300w, https:\/\/mordudecinema.fr\/wp-content\/uploads\/2024\/10\/Design-sans-titre-1-e1728175099182-1024x634.png 1024w, https:\/\/mordudecinema.fr\/wp-content\/uploads\/2024\/10\/Design-sans-titre-1-e1728175099182-768x476.png 768w\" sizes=\"auto, (max-width: 1080px) 100vw, 1080px\" \/><\/figure>\n\n\n\n<div style=\"height:12px\" aria-hidden=\"true\" class=\"wp-block-spacer\"><\/div>\n\n\n\n<h2 class=\"wp-block-heading has-text-align-center\"><strong>Sur ce blog, d\u00e9couvrez&#8230;<\/strong><\/h2>\n\n\n\n<div style=\"height:15px\" aria-hidden=\"true\" class=\"wp-block-spacer\"><\/div>\n\n\n\n<div class=\"wp-block-columns is-layout-flex wp-container-core-columns-is-layout-28f84493 wp-block-columns-is-layout-flex\">\n<div class=\"wp-block-column is-layout-flow wp-block-column-is-layout-flow\" style=\"flex-basis:100%\">\n<h3 class=\"wp-block-heading has-text-align-center\">Mon TOP<\/h3>\n\n\n\n<p class=\"has-text-align-center\">Le classement de<a href=\"https:\/\/mordudecinema.fr\/index.php\/top-100-films\/\"> mes films pr\u00e9f\u00e9r\u00e9s<\/a>, sans distinction de leur genre ou p\u00e9riode. Ce top a vocation \u00e0 \u00e9voluer au fur et \u00e0 mesure de mes aventures de cin\u00e9phile.<\/p>\n<\/div>\n\n\n\n<div class=\"wp-block-column is-layout-flow wp-block-column-is-layout-flow\" style=\"flex-basis:100%\">\n<h3 class=\"wp-block-heading has-text-align-center\">Mes critiques<\/h3>\n\n\n\n<p class=\"has-text-align-center\">Des <a href=\"https:\/\/mordudecinema.fr\/index.php\/category\/critiques-de-films\/\">critiques de films<\/a> et <a href=\"https:\/\/mordudecinema.fr\/index.php\/category\/critiques-de-series\/\">de s\u00e9ries<\/a>, avec une notation sur une \u00e9chelle de 1 \u00e0 10. N&rsquo;oublions pas que l\u2019exp\u00e9rience de chaque spectateur est unique.<\/p>\n<\/div>\n\n\n\n<div class=\"wp-block-column is-layout-flow wp-block-column-is-layout-flow\" style=\"flex-basis:100%\">\n<h3 class=\"wp-block-heading has-text-align-center\">Mes actus<\/h3>\n\n\n\n<p class=\"has-text-align-center\"><a href=\"https:\/\/mordudecinema.fr\/index.php\/category\/mes-actualites\/\">Ces archives<\/a> qui relatent mes participations \u00e0 des \u00e9v\u00e9nements cin\u00e9s (festivals, AVP\u2026), mes opinions sur des sujets de d\u00e9bat et l\u2019actualit\u00e9 du site.<\/p>\n<\/div>\n<\/div>\n<\/div>\n\n\n\n<div style=\"height:12px\" aria-hidden=\"true\" class=\"wp-block-spacer\"><\/div>\n\n\n\n<div class=\"wp-block-cover alignfull is-light\" style=\"min-height:647px;aspect-ratio:unset;\"><span aria-hidden=\"true\" class=\"wp-block-cover__background has-background-dim-100 has-background-dim\" style=\"background-color:#ffffff\"><\/span><div class=\"wp-block-cover__inner-container is-layout-flow wp-block-cover-is-layout-flow\">\n<div class=\"wp-block-media-text alignwide is-stacked-on-mobile is-vertically-aligned-center is-image-fill-element has-tertiary-background-color has-background\" style=\"grid-template-columns:32% auto\"><figure class=\"wp-block-media-text__media\"><img decoding=\"async\" src=\"https:\/\/mordudecinema.fr\/wp-content\/uploads\/2024\/10\/pexels-gursher-gill-63702010-20115760.jpg\" alt=\"\" class=\"wp-image-170 size-full\" style=\"object-position:49% 59%\"\/><\/figure><div class=\"wp-block-media-text__content\">\n<h2 class=\"wp-block-heading has-text-color\" style=\"color:#000000;font-size:32px\"><strong>Qui suis-je ?<\/strong><\/h2>\n\n\n\n<p class=\"has-text-color\" style=\"color:#000000;font-size:17px\">Int\u00e9ress\u00e9 par le cin\u00e9ma depuis toujours, j&rsquo;ai grandi avec Spielberg et les franchises populaires du d\u00e9but des ann\u00e9es 2000 : Harry Potter, Le Seigneur des Anneaux, Pirates des Cara\u00efbes&#8230; J&rsquo;ai commenc\u00e9 \u00e0 r\u00e9diger mes premi\u00e8res critiques de films sur Allocin\u00e9 \u00e0 l&rsquo;\u00e2ge de 14 ans.<\/p>\n\n\n\n<p class=\"has-text-color\" style=\"color:#000000;font-size:17px\">Plus tard, cet int\u00e9r\u00eat est devenu une v\u00e9ritable passion avec la d\u00e9couverte de la filmographie de grands cin\u00e9astes tels que Kubrick (mon pr\u00e9f\u00e9r\u00e9), Hitchcock, Cameron, Scott, Tarantino, Coppola, Cuar\u00f3n, Nolan, Villeneuve, Fincher, Lynch, del Toro, Scorsese&#8230; et bien d&rsquo;autres ! Cin\u00e9phile, plusieurs fois par mois je prends ma carte UGC pour me rendre dans un cin\u00e9ma parisien, je m&rsquo;\u00e9vade !<\/p>\n\n\n\n<p class=\"has-foreground-color has-text-color has-link-color wp-elements-9c9c46d897cb61194958e7e2ccb60631\">Je ne suis pas absolument pas un professionnel (je travail dans le marketing et la communication digitale), juste un mordu de cin\u00e9ma qui souhaite partager ses exp\u00e9riences. D&rsquo;ailleurs, \u00e0 la fin de mes \u00e9tudes, j&rsquo;ai r\u00e9alis\u00e9 un m\u00e9moire sur l&rsquo;influence des prescriptions amateures sur les plateformes cin\u00e9 en ligne. Ce long projet m&rsquo;a donn\u00e9 l&rsquo;envie de cr\u00e9er mon propre blog d\u00e9di\u00e9 au septi\u00e8me art.<\/p>\n<\/div><\/div>\n<\/div><\/div>\n\n\n\n<div style=\"height:12px\" aria-hidden=\"true\" class=\"wp-block-spacer\"><\/div>\n\n\n\n<div class=\"wp-block-group is-layout-constrained wp-block-group-is-layout-constrained\">\n<h2 class=\"wp-block-heading has-text-align-center\"><strong>Retrouvez-moi sur SensCritique<\/strong><\/h2>\n\n\n\n<p><strong>SensCritique<\/strong> est une plateforme divis\u00e9e en cinq univers culturels : les films, les s\u00e9ries, la musique, les livres et les BD. Chaque utilisateur peut y partager ses critiques, classements et envies, tout en discutant avec les autres membres. Je suis inscrit sur ce site et le visite fr\u00e9quemment depuis de nombreuses ann\u00e9es.<\/p>\n\n\n\n<div class=\"wp-block-columns is-layout-flex wp-container-core-columns-is-layout-28f84493 wp-block-columns-is-layout-flex\">\n<div class=\"wp-block-column is-layout-flow wp-block-column-is-layout-flow\">\n<div class=\"wp-block-buttons is-layout-flex wp-block-buttons-is-layout-flex\">\n<div class=\"wp-block-button\"><a class=\"wp-block-button__link wp-element-button\" href=\"https:\/\/www.senscritique.com\/MovieBuff\">Voir mon profil<\/a><\/div>\n<\/div>\n<\/div>\n\n\n\n<div class=\"wp-block-column is-layout-flow wp-block-column-is-layout-flow\">\n<figure class=\"wp-block-image alignright size-large is-resized\"><img loading=\"lazy\" decoding=\"async\" width=\"1024\" height=\"1024\" src=\"https:\/\/mordudecinema.fr\/wp-content\/uploads\/2024\/09\/SensCritique_logo.svg_-1024x1024.png\" alt=\"\" class=\"wp-image-137\" style=\"width:92px;height:auto\" srcset=\"https:\/\/mordudecinema.fr\/wp-content\/uploads\/2024\/09\/SensCritique_logo.svg_-1024x1024.png 1024w, https:\/\/mordudecinema.fr\/wp-content\/uploads\/2024\/09\/SensCritique_logo.svg_-300x300.png 300w, https:\/\/mordudecinema.fr\/wp-content\/uploads\/2024\/09\/SensCritique_logo.svg_-150x150.png 150w, https:\/\/mordudecinema.fr\/wp-content\/uploads\/2024\/09\/SensCritique_logo.svg_-768x768.png 768w, https:\/\/mordudecinema.fr\/wp-content\/uploads\/2024\/09\/SensCritique_logo.svg_-1170x1170.png 1170w, https:\/\/mordudecinema.fr\/wp-content\/uploads\/2024\/09\/SensCritique_logo.svg_.png 1200w\" sizes=\"auto, (max-width: 1024px) 100vw, 1024px\" \/><\/figure>\n<\/div>\n<\/div>\n<\/div>\n\n\n\n<div class=\"wp-block-group alignwide has-tertiary-background-color has-background is-layout-constrained wp-block-group-is-layout-constrained\">\n<h2 class=\"wp-block-heading has-text-align-center\"><strong>Me contacter<\/strong><\/h2>\n\n\n\n<p>Un film, une s\u00e9rie \u00e0 me recommander ? Une demande d&rsquo;\u00e9change de liens ? Me faire d\u00e9couvrir ton blog ? Signaler un probl\u00e8me ? C&rsquo;est par ici \ud83d\udc47<\/p>\n\n\n<style id=\"wpforms-css-vars-147-block-59297c69-c2a9-4e8c-9a0b-ed80225295ed\">\n\t\t\t\t#wpforms-147.wpforms-block-59297c69-c2a9-4e8c-9a0b-ed80225295ed {\n\t\t\t\t--wpforms-field-size-input-height: 31px;\n--wpforms-field-size-input-spacing: 10px;\n--wpforms-field-size-font-size: 14px;\n--wpforms-field-size-line-height: 17px;\n--wpforms-field-size-padding-h: 9px;\n--wpforms-field-size-checkbox-size: 14px;\n--wpforms-field-size-sublabel-spacing: 5px;\n--wpforms-field-size-icon-size: 0.75;\n--wpforms-label-size-font-size: 14px;\n--wpforms-label-size-line-height: 17px;\n--wpforms-label-size-sublabel-font-size: 13px;\n--wpforms-label-size-sublabel-line-height: 16px;\n--wpforms-button-size-font-size: 17px;\n--wpforms-button-size-height: 41px;\n--wpforms-button-size-padding-h: 15px;\n--wpforms-button-size-margin-top: 10px;\n\t\t\t}\n\t\t\t<\/style><div class=\"wpforms-container wpforms-container-full wpforms-block wpforms-block-59297c69-c2a9-4e8c-9a0b-ed80225295ed wpforms-render-modern\" id=\"wpforms-147\"><form id=\"wpforms-form-147\" class=\"wpforms-validate wpforms-form wpforms-ajax-form\" data-formid=\"147\" method=\"post\" enctype=\"multipart\/form-data\" action=\"\/index.php\/wp-json\/wp\/v2\/pages\/9\" data-token=\"66982487cbcfb58b27583d9419b7d893\" data-token-time=\"1777295760\"><noscript class=\"wpforms-error-noscript\">Veuillez activer JavaScript dans votre navigateur pour remplir ce formulaire.<\/noscript><div id=\"wpforms-error-noscript\" style=\"display: none;\">Veuillez activer JavaScript dans votre navigateur pour remplir ce formulaire.<\/div><div class=\"wpforms-field-container\"><div id=\"wpforms-147-field_1-container\" class=\"wpforms-field wpforms-field-name\" data-field-id=\"1\"><label class=\"wpforms-field-label\" for=\"wpforms-147-field_1\">Pr\u00e9nom <span class=\"wpforms-required-label\" aria-hidden=\"true\">*<\/span><\/label><input type=\"text\" id=\"wpforms-147-field_1\" class=\"wpforms-field-medium wpforms-field-required\" name=\"wpforms[fields][1]\" aria-errormessage=\"wpforms-147-field_1-error\" required><\/div><div id=\"wpforms-147-field_2-container\" class=\"wpforms-field wpforms-field-email\" data-field-id=\"2\"><label class=\"wpforms-field-label\" for=\"wpforms-147-field_2\">E-mail <span class=\"wpforms-required-label\" aria-hidden=\"true\">*<\/span><\/label><input type=\"email\" id=\"wpforms-147-field_2\" class=\"wpforms-field-medium wpforms-field-required\" name=\"wpforms[fields][2]\" spellcheck=\"false\" aria-errormessage=\"wpforms-147-field_2-error\" required><\/div>\t\t<div id=\"wpforms-147-field_4-container\"\n\t\t\tclass=\"wpforms-field wpforms-field-text\"\n\t\t\tdata-field-type=\"text\"\n\t\t\tdata-field-id=\"4\"\n\t\t\t>\n\t\t\t<label class=\"wpforms-field-label\" for=\"wpforms-147-field_4\" >E-mail Pr\u00e9nom message<\/label>\n\t\t\t<input type=\"text\" id=\"wpforms-147-field_4\" class=\"wpforms-field-medium\" name=\"wpforms[fields][4]\" >\n\t\t<\/div>\n\t\t<div id=\"wpforms-147-field_3-container\" class=\"wpforms-field wpforms-field-textarea\" data-field-id=\"3\"><label class=\"wpforms-field-label\" for=\"wpforms-147-field_3\">Commentaire ou message <span class=\"wpforms-required-label\" aria-hidden=\"true\">*<\/span><\/label><textarea id=\"wpforms-147-field_3\" class=\"wpforms-field-medium wpforms-field-required\" name=\"wpforms[fields][3]\" aria-errormessage=\"wpforms-147-field_3-error\" required><\/textarea><\/div><script>\n\t\t\t\t( function() {\n\t\t\t\t\tconst style = document.createElement( 'style' );\n\t\t\t\t\tstyle.appendChild( document.createTextNode( '#wpforms-147-field_4-container { position: absolute !important; overflow: hidden !important; display: inline !important; height: 1px !important; width: 1px !important; z-index: -1000 !important; padding: 0 !important; } #wpforms-147-field_4-container input { visibility: hidden; } #wpforms-conversational-form-page #wpforms-147-field_4-container label { counter-increment: none; }' ) );\n\t\t\t\t\tdocument.head.appendChild( style );\n\t\t\t\t\tdocument.currentScript?.remove();\n\t\t\t\t} )();\n\t\t\t<\/script><\/div><!-- .wpforms-field-container --><div class=\"wpforms-recaptcha-container wpforms-is-recaptcha wpforms-is-recaptcha-type-v2\" ><div class=\"g-recaptcha\" data-sitekey=\"6Lfc81gqAAAAAGZ5PxgoJ94A48BUrGWwAvK7iph2\"><\/div><input type=\"text\" name=\"g-recaptcha-hidden\" class=\"wpforms-recaptcha-hidden\" style=\"position:absolute!important;clip:rect(0,0,0,0)!important;height:1px!important;width:1px!important;border:0!important;overflow:hidden!important;padding:0!important;margin:0!important;\" data-rule-recaptcha=\"1\"><\/div><div class=\"wpforms-submit-container\" ><input type=\"hidden\" name=\"wpforms[id]\" value=\"147\"><input type=\"hidden\" name=\"page_title\" value=\"\"><input type=\"hidden\" name=\"page_url\" value=\"https:\/\/mordudecinema.fr\/index.php\/wp-json\/wp\/v2\/pages\/9\"><input type=\"hidden\" name=\"url_referer\" value=\"\"><button type=\"submit\" name=\"wpforms[submit]\" id=\"wpforms-submit-147\" class=\"wpforms-submit\" data-alt-text=\"Envoi...\" data-submit-text=\"Envoyer\" aria-live=\"assertive\" value=\"wpforms-submit\">Envoyer<\/button><img loading=\"lazy\" decoding=\"async\" src=\"https:\/\/mordudecinema.fr\/wp-content\/plugins\/wpforms-lite\/assets\/images\/submit-spin.svg\" class=\"wpforms-submit-spinner\" style=\"display: none;\" width=\"26\" height=\"26\" alt=\"Chargement en cours\"><\/div><\/form><\/div>  <!-- .wpforms-container --><\/div>\n\n\n\n<p><\/p>\n","protected":false},"excerpt":{"rendered":"<p>Sur ce blog, d\u00e9couvrez&#8230; Mon TOP Le classement de mes films pr\u00e9f\u00e9r\u00e9s, sans distinction de leur genre ou p\u00e9riode. Ce top a vocation \u00e0 \u00e9voluer au fur et \u00e0 mesure de mes aventures de cin\u00e9phile. Mes critiques Des critiques de films et de s\u00e9ries, avec une notation sur une \u00e9chelle de 1 \u00e0 10. N&rsquo;oublions [&hellip;]<\/p>\n","protected":false},"author":1,"featured_media":0,"parent":0,"menu_order":0,"comment_status":"closed","ping_status":"closed","template":"","meta":{"sfsi_plus_gutenberg_text_before_share":"","sfsi_plus_gutenberg_show_text_before_share":"","sfsi_plus_gutenberg_icon_type":"","sfsi_plus_gutenberg_icon_alignemt":"","sfsi_plus_gutenburg_max_per_row":"","footnotes":""},"class_list":["post-9","page","type-page","status-publish","hentry"],"yoast_head":"<!-- This site is optimized with the Yoast SEO plugin v27.4 - https:\/\/yoast.com\/product\/yoast-seo-wordpress\/ -->\n<title>\u00c0 propos - Un Mordu de Cin\u00e9ma<\/title>\n<meta name=\"description\" content=\"Cin\u00e9phile, je te fais d\u00e9couvrir mon univers sur mon blog. En savoir plus sur moi et me contacter sur cette page.\" \/>\n<meta name=\"robots\" content=\"index, follow, max-snippet:-1, max-image-preview:large, max-video-preview:-1\" \/>\n<link rel=\"canonical\" href=\"https:\/\/mordudecinema.fr\/index.php\/a-propos-moi\/\" \/>\n<meta property=\"og:locale\" content=\"fr_FR\" \/>\n<meta property=\"og:type\" content=\"article\" \/>\n<meta property=\"og:title\" content=\"\u00c0 propos - Un Mordu de Cin\u00e9ma\" \/>\n<meta property=\"og:description\" content=\"Cin\u00e9phile, je te fais d\u00e9couvrir mon univers sur mon blog. En savoir plus sur moi et me contacter sur cette page.\" \/>\n<meta property=\"og:url\" content=\"https:\/\/mordudecinema.fr\/index.php\/a-propos-moi\/\" \/>\n<meta property=\"og:site_name\" content=\"Un Mordu de Cin\u00e9ma\" \/>\n<meta property=\"article:modified_time\" content=\"2025-08-22T04:25:12+00:00\" \/>\n<meta property=\"og:image\" content=\"http:\/\/mordudecinema.fr\/wp-content\/uploads\/2024\/10\/Design-sans-titre-1-e1728175099182.png\" \/>\n<meta name=\"twitter:card\" content=\"summary_large_image\" \/>\n<meta name=\"twitter:label1\" content=\"Dur\u00e9e de lecture estim\u00e9e\" \/>\n\t<meta name=\"twitter:data1\" content=\"3 minutes\" \/>\n<script type=\"application\/ld+json\" class=\"yoast-schema-graph\">{\"@context\":\"https:\\\/\\\/schema.org\",\"@graph\":[{\"@type\":\"WebPage\",\"@id\":\"https:\\\/\\\/mordudecinema.fr\\\/index.php\\\/a-propos-moi\\\/\",\"url\":\"https:\\\/\\\/mordudecinema.fr\\\/index.php\\\/a-propos-moi\\\/\",\"name\":\"\u00c0 propos - Un Mordu de Cin\u00e9ma\",\"isPartOf\":{\"@id\":\"https:\\\/\\\/mordudecinema.fr\\\/#website\"},\"primaryImageOfPage\":{\"@id\":\"https:\\\/\\\/mordudecinema.fr\\\/index.php\\\/a-propos-moi\\\/#primaryimage\"},\"image\":{\"@id\":\"https:\\\/\\\/mordudecinema.fr\\\/index.php\\\/a-propos-moi\\\/#primaryimage\"},\"thumbnailUrl\":\"http:\\\/\\\/mordudecinema.fr\\\/wp-content\\\/uploads\\\/2024\\\/10\\\/Design-sans-titre-1-e1728175099182.png\",\"datePublished\":\"2024-09-28T17:46:48+00:00\",\"dateModified\":\"2025-08-22T04:25:12+00:00\",\"description\":\"Cin\u00e9phile, je te fais d\u00e9couvrir mon univers sur mon blog. En savoir plus sur moi et me contacter sur cette page.\",\"breadcrumb\":{\"@id\":\"https:\\\/\\\/mordudecinema.fr\\\/index.php\\\/a-propos-moi\\\/#breadcrumb\"},\"inLanguage\":\"fr-FR\",\"potentialAction\":[{\"@type\":\"ReadAction\",\"target\":[\"https:\\\/\\\/mordudecinema.fr\\\/index.php\\\/a-propos-moi\\\/\"]}]},{\"@type\":\"ImageObject\",\"inLanguage\":\"fr-FR\",\"@id\":\"https:\\\/\\\/mordudecinema.fr\\\/index.php\\\/a-propos-moi\\\/#primaryimage\",\"url\":\"http:\\\/\\\/mordudecinema.fr\\\/wp-content\\\/uploads\\\/2024\\\/10\\\/Design-sans-titre-1-e1728175099182.png\",\"contentUrl\":\"http:\\\/\\\/mordudecinema.fr\\\/wp-content\\\/uploads\\\/2024\\\/10\\\/Design-sans-titre-1-e1728175099182.png\"},{\"@type\":\"BreadcrumbList\",\"@id\":\"https:\\\/\\\/mordudecinema.fr\\\/index.php\\\/a-propos-moi\\\/#breadcrumb\",\"itemListElement\":[{\"@type\":\"ListItem\",\"position\":1,\"name\":\"Accueil\",\"item\":\"https:\\\/\\\/mordudecinema.fr\\\/\"},{\"@type\":\"ListItem\",\"position\":2,\"name\":\"\u00c0 propos\"}]},{\"@type\":\"WebSite\",\"@id\":\"https:\\\/\\\/mordudecinema.fr\\\/#website\",\"url\":\"https:\\\/\\\/mordudecinema.fr\\\/\",\"name\":\"Un Mordu de Cin\u00e9ma\",\"description\":\"Critiques de films et s\u00e9ries\",\"publisher\":{\"@id\":\"https:\\\/\\\/mordudecinema.fr\\\/#\\\/schema\\\/person\\\/898bc34ddfc06d1db052173cfe769f2c\"},\"potentialAction\":[{\"@type\":\"SearchAction\",\"target\":{\"@type\":\"EntryPoint\",\"urlTemplate\":\"https:\\\/\\\/mordudecinema.fr\\\/?s={search_term_string}\"},\"query-input\":{\"@type\":\"PropertyValueSpecification\",\"valueRequired\":true,\"valueName\":\"search_term_string\"}}],\"inLanguage\":\"fr-FR\"},{\"@type\":[\"Person\",\"Organization\"],\"@id\":\"https:\\\/\\\/mordudecinema.fr\\\/#\\\/schema\\\/person\\\/898bc34ddfc06d1db052173cfe769f2c\",\"name\":\"MovieBuff (Driss)\",\"image\":{\"@type\":\"ImageObject\",\"inLanguage\":\"fr-FR\",\"@id\":\"https:\\\/\\\/mordudecinema.fr\\\/wp-content\\\/uploads\\\/2024\\\/09\\\/Moviebuff.png\",\"url\":\"https:\\\/\\\/mordudecinema.fr\\\/wp-content\\\/uploads\\\/2024\\\/09\\\/Moviebuff.png\",\"contentUrl\":\"https:\\\/\\\/mordudecinema.fr\\\/wp-content\\\/uploads\\\/2024\\\/09\\\/Moviebuff.png\",\"width\":500,\"height\":500,\"caption\":\"MovieBuff (Driss)\"},\"logo\":{\"@id\":\"https:\\\/\\\/mordudecinema.fr\\\/wp-content\\\/uploads\\\/2024\\\/09\\\/Moviebuff.png\"},\"sameAs\":[\"http:\\\/\\\/mordudecinema.fr\"]}]}<\/script>\n<!-- \/ Yoast SEO plugin. -->","yoast_head_json":{"title":"\u00c0 propos - Un Mordu de Cin\u00e9ma","description":"Cin\u00e9phile, je te fais d\u00e9couvrir mon univers sur mon blog. En savoir plus sur moi et me contacter sur cette page.","robots":{"index":"index","follow":"follow","max-snippet":"max-snippet:-1","max-image-preview":"max-image-preview:large","max-video-preview":"max-video-preview:-1"},"canonical":"https:\/\/mordudecinema.fr\/index.php\/a-propos-moi\/","og_locale":"fr_FR","og_type":"article","og_title":"\u00c0 propos - Un Mordu de Cin\u00e9ma","og_description":"Cin\u00e9phile, je te fais d\u00e9couvrir mon univers sur mon blog. En savoir plus sur moi et me contacter sur cette page.","og_url":"https:\/\/mordudecinema.fr\/index.php\/a-propos-moi\/","og_site_name":"Un Mordu de Cin\u00e9ma","article_modified_time":"2025-08-22T04:25:12+00:00","og_image":[{"url":"http:\/\/mordudecinema.fr\/wp-content\/uploads\/2024\/10\/Design-sans-titre-1-e1728175099182.png","type":"","width":"","height":""}],"twitter_card":"summary_large_image","twitter_misc":{"Dur\u00e9e de lecture estim\u00e9e":"3 minutes"},"schema":{"@context":"https:\/\/schema.org","@graph":[{"@type":"WebPage","@id":"https:\/\/mordudecinema.fr\/index.php\/a-propos-moi\/","url":"https:\/\/mordudecinema.fr\/index.php\/a-propos-moi\/","name":"\u00c0 propos - Un Mordu de Cin\u00e9ma","isPartOf":{"@id":"https:\/\/mordudecinema.fr\/#website"},"primaryImageOfPage":{"@id":"https:\/\/mordudecinema.fr\/index.php\/a-propos-moi\/#primaryimage"},"image":{"@id":"https:\/\/mordudecinema.fr\/index.php\/a-propos-moi\/#primaryimage"},"thumbnailUrl":"http:\/\/mordudecinema.fr\/wp-content\/uploads\/2024\/10\/Design-sans-titre-1-e1728175099182.png","datePublished":"2024-09-28T17:46:48+00:00","dateModified":"2025-08-22T04:25:12+00:00","description":"Cin\u00e9phile, je te fais d\u00e9couvrir mon univers sur mon blog. En savoir plus sur moi et me contacter sur cette page.","breadcrumb":{"@id":"https:\/\/mordudecinema.fr\/index.php\/a-propos-moi\/#breadcrumb"},"inLanguage":"fr-FR","potentialAction":[{"@type":"ReadAction","target":["https:\/\/mordudecinema.fr\/index.php\/a-propos-moi\/"]}]},{"@type":"ImageObject","inLanguage":"fr-FR","@id":"https:\/\/mordudecinema.fr\/index.php\/a-propos-moi\/#primaryimage","url":"http:\/\/mordudecinema.fr\/wp-content\/uploads\/2024\/10\/Design-sans-titre-1-e1728175099182.png","contentUrl":"http:\/\/mordudecinema.fr\/wp-content\/uploads\/2024\/10\/Design-sans-titre-1-e1728175099182.png"},{"@type":"BreadcrumbList","@id":"https:\/\/mordudecinema.fr\/index.php\/a-propos-moi\/#breadcrumb","itemListElement":[{"@type":"ListItem","position":1,"name":"Accueil","item":"https:\/\/mordudecinema.fr\/"},{"@type":"ListItem","position":2,"name":"\u00c0 propos"}]},{"@type":"WebSite","@id":"https:\/\/mordudecinema.fr\/#website","url":"https:\/\/mordudecinema.fr\/","name":"Un Mordu de Cin\u00e9ma","description":"Critiques de films et s\u00e9ries","publisher":{"@id":"https:\/\/mordudecinema.fr\/#\/schema\/person\/898bc34ddfc06d1db052173cfe769f2c"},"potentialAction":[{"@type":"SearchAction","target":{"@type":"EntryPoint","urlTemplate":"https:\/\/mordudecinema.fr\/?s={search_term_string}"},"query-input":{"@type":"PropertyValueSpecification","valueRequired":true,"valueName":"search_term_string"}}],"inLanguage":"fr-FR"},{"@type":["Person","Organization"],"@id":"https:\/\/mordudecinema.fr\/#\/schema\/person\/898bc34ddfc06d1db052173cfe769f2c","name":"MovieBuff (Driss)","image":{"@type":"ImageObject","inLanguage":"fr-FR","@id":"https:\/\/mordudecinema.fr\/wp-content\/uploads\/2024\/09\/Moviebuff.png","url":"https:\/\/mordudecinema.fr\/wp-content\/uploads\/2024\/09\/Moviebuff.png","contentUrl":"https:\/\/mordudecinema.fr\/wp-content\/uploads\/2024\/09\/Moviebuff.png","width":500,"height":500,"caption":"MovieBuff (Driss)"},"logo":{"@id":"https:\/\/mordudecinema.fr\/wp-content\/uploads\/2024\/09\/Moviebuff.png"},"sameAs":["http:\/\/mordudecinema.fr"]}]}},"_links":{"self":[{"href":"https:\/\/mordudecinema.fr\/index.php\/wp-json\/wp\/v2\/pages\/9","targetHints":{"allow":["GET"]}}],"collection":[{"href":"https:\/\/mordudecinema.fr\/index.php\/wp-json\/wp\/v2\/pages"}],"about":[{"href":"https:\/\/mordudecinema.fr\/index.php\/wp-json\/wp\/v2\/types\/page"}],"author":[{"embeddable":true,"href":"https:\/\/mordudecinema.fr\/index.php\/wp-json\/wp\/v2\/users\/1"}],"replies":[{"embeddable":true,"href":"https:\/\/mordudecinema.fr\/index.php\/wp-json\/wp\/v2\/comments?post=9"}],"version-history":[{"count":46,"href":"https:\/\/mordudecinema.fr\/index.php\/wp-json\/wp\/v2\/pages\/9\/revisions"}],"predecessor-version":[{"id":649,"href":"https:\/\/mordudecinema.fr\/index.php\/wp-json\/wp\/v2\/pages\/9\/revisions\/649"}],"wp:attachment":[{"href":"https:\/\/mordudecinema.fr\/index.php\/wp-json\/wp\/v2\/media?parent=9"}],"curies":[{"name":"wp","href":"https:\/\/api.w.org\/{rel}","templated":true}]}}